{"id":913,"date":"2023-09-20T09:41:13","date_gmt":"2023-09-20T07:41:13","guid":{"rendered":"https:\/\/www.laurensjeremy.com\/?page_id=913"},"modified":"2024-04-13T10:54:44","modified_gmt":"2024-04-13T08:54:44","slug":"template","status":"publish","type":"page","link":"https:\/\/www.laurensjeremy.com\/index.php\/template\/","title":{"rendered":"Template"},"content":{"rendered":"\t\t<div data-elementor-type=\"wp-page\" data-elementor-id=\"913\" class=\"elementor elementor-913\" data-elementor-post-type=\"page\">\n\t\t\t\t\t\t<section class=\"elementor-section elementor-top-section elementor-element elementor-element-62c2a1fb elementor-section-height-min-height elementor-section-boxed elementor-section-height-default elementor-section-items-middle\" data-id=\"62c2a1fb\" data-element_type=\"section\" data-settings=\"{&quot;background_background&quot;:&quot;gradient&quot;,&quot;shape_divider_bottom&quot;:&quot;waves&quot;}\">\n\t\t\t\t\t\t\t<div class=\"elementor-background-overlay\"><\/div>\n\t\t\t\t\t\t<div class=\"elementor-shape elementor-shape-bottom\" data-negative=\"false\">\n\t\t\t<svg xmlns=\"http:\/\/www.w3.org\/2000\/svg\" viewBox=\"0 0 1000 100\" preserveAspectRatio=\"none\">\n\t<path class=\"elementor-shape-fill\" d=\"M421.9,6.5c22.6-2.5,51.5,0.4,75.5,5.3c23.6,4.9,70.9,23.5,100.5,35.7c75.8,32.2,133.7,44.5,192.6,49.7\n\tc23.6,2.1,48.7,3.5,103.4-2.5c54.7-6,106.2-25.6,106.2-25.6V0H0v30.3c0,0,72,32.6,158.4,30.5c39.2-0.7,92.8-6.7,134-22.4\n\tc21.2-8.1,52.2-18.2,79.7-24.2C399.3,7.9,411.6,7.5,421.9,6.5z\"\/>\n<\/svg>\t\t<\/div>\n\t\t\t\t\t<div class=\"elementor-container elementor-column-gap-default\">\n\t\t\t\t\t<div class=\"elementor-column elementor-col-100 elementor-top-column elementor-element elementor-element-35e639a\" data-id=\"35e639a\" data-element_type=\"column\">\n\t\t\t<div class=\"elementor-widget-wrap elementor-element-populated\">\n\t\t\t\t\t\t<div class=\"elementor-element elementor-element-5c36a20a elementor-widget elementor-widget-heading\" data-id=\"5c36a20a\" data-element_type=\"widget\" data-widget_type=\"heading.default\">\n\t\t\t\t<div class=\"elementor-widget-container\">\n\t\t\t<style>\/*! elementor - v3.20.0 - 10-04-2024 *\/\n.elementor-heading-title{padding:0;margin:0;line-height:1}.elementor-widget-heading .elementor-heading-title[class*=elementor-size-]>a{color:inherit;font-size:inherit;line-height:inherit}.elementor-widget-heading .elementor-heading-title.elementor-size-small{font-size:15px}.elementor-widget-heading .elementor-heading-title.elementor-size-medium{font-size:19px}.elementor-widget-heading .elementor-heading-title.elementor-size-large{font-size:29px}.elementor-widget-heading .elementor-heading-title.elementor-size-xl{font-size:39px}.elementor-widget-heading .elementor-heading-title.elementor-size-xxl{font-size:59px}<\/style><h1 class=\"elementor-heading-title elementor-size-default\">Template<\/h1>\t\t<\/div>\n\t\t\t\t<\/div>\n\t\t\t\t\t<\/div>\n\t\t<\/div>\n\t\t\t\t\t<\/div>\n\t\t<\/section>\n\t\t\t\t<section class=\"elementor-section elementor-top-section elementor-element elementor-element-488a9617 elementor-section-boxed elementor-section-height-default elementor-section-height-default\" data-id=\"488a9617\" data-element_type=\"section\" data-settings=\"{&quot;background_background&quot;:&quot;classic&quot;}\">\n\t\t\t\t\t\t\t<div class=\"elementor-background-overlay\"><\/div>\n\t\t\t\t\t\t\t<div class=\"elementor-container elementor-column-gap-default\">\n\t\t\t\t\t<div class=\"elementor-column elementor-col-100 elementor-top-column elementor-element elementor-element-53799613\" data-id=\"53799613\" data-element_type=\"column\">\n\t\t\t<div class=\"elementor-widget-wrap elementor-element-populated\">\n\t\t\t\t\t\t<section class=\"elementor-section elementor-inner-section elementor-element elementor-element-54e8406e elementor-reverse-tablet elementor-reverse-mobile elementor-section-boxed elementor-section-height-default elementor-section-height-default\" data-id=\"54e8406e\" data-element_type=\"section\">\n\t\t\t\t\t\t<div class=\"elementor-container elementor-column-gap-default\">\n\t\t\t\t\t<div class=\"elementor-column elementor-col-33 elementor-inner-column elementor-element elementor-element-20e4a38f\" data-id=\"20e4a38f\" data-element_type=\"column\">\n\t\t\t<div class=\"elementor-widget-wrap elementor-element-populated\">\n\t\t\t\t\t\t<div class=\"elementor-element elementor-element-dd6d4ba elementor-widget elementor-widget-image\" data-id=\"dd6d4ba\" data-element_type=\"widget\" data-settings=\"{&quot;motion_fx_motion_fx_scrolling&quot;:&quot;yes&quot;,&quot;motion_fx_translateY_effect&quot;:&quot;yes&quot;,&quot;motion_fx_translateY_speed&quot;:{&quot;unit&quot;:&quot;px&quot;,&quot;size&quot;:&quot;1&quot;,&quot;sizes&quot;:[]},&quot;motion_fx_translateY_affectedRange&quot;:{&quot;unit&quot;:&quot;%&quot;,&quot;size&quot;:&quot;&quot;,&quot;sizes&quot;:{&quot;start&quot;:0,&quot;end&quot;:100}},&quot;motion_fx_devices&quot;:[&quot;desktop&quot;,&quot;tablet&quot;,&quot;mobile&quot;]}\" data-widget_type=\"image.default\">\n\t\t\t\t<div class=\"elementor-widget-container\">\n\t\t\t<style>\/*! elementor - v3.20.0 - 10-04-2024 *\/\n.elementor-widget-image{text-align:center}.elementor-widget-image a{display:inline-block}.elementor-widget-image a img[src$=\".svg\"]{width:48px}.elementor-widget-image img{vertical-align:middle;display:inline-block}<\/style>\t\t\t\t\t\t\t\t\t\t\t<a href=\"https:\/\/www.laurensjeremy.com\/index.php\/template-1\/\">\n\t\t\t\t\t\t\t<img fetchpriority=\"high\" decoding=\"async\" width=\"380\" height=\"380\" src=\"https:\/\/www.laurensjeremy.com\/wp-content\/uploads\/2023\/09\/1.jpg\" class=\"attachment-full size-full wp-image-919\" alt=\"\" srcset=\"https:\/\/www.laurensjeremy.com\/wp-content\/uploads\/2023\/09\/1.jpg 380w, https:\/\/www.laurensjeremy.com\/wp-content\/uploads\/2023\/09\/1-300x300.jpg 300w, https:\/\/www.laurensjeremy.com\/wp-content\/uploads\/2023\/09\/1-150x150.jpg 150w\" sizes=\"(max-width: 380px) 100vw, 380px\" \/>\t\t\t\t\t\t\t\t<\/a>\n\t\t\t\t\t\t\t\t\t\t\t\t\t<\/div>\n\t\t\t\t<\/div>\n\t\t\t\t<div class=\"elementor-element elementor-element-1b8297a elementor-mobile-align-center elementor-align-center elementor-widget elementor-widget-button\" data-id=\"1b8297a\" data-element_type=\"widget\" data-widget_type=\"button.default\">\n\t\t\t\t<div class=\"elementor-widget-container\">\n\t\t\t\t\t<div class=\"elementor-button-wrapper\">\n\t\t\t<a class=\"elementor-button elementor-button-link elementor-size-md\" href=\"https:\/\/www.laurensjeremy.com\/index.php\/template-1\/\">\n\t\t\t\t\t\t<span class=\"elementor-button-content-wrapper\">\n\t\t\t\t\t\t<span class=\"elementor-button-icon elementor-align-icon-right\">\n\t\t\t\t<i aria-hidden=\"true\" class=\"fas fa-arrow-right\"><\/i>\t\t\t<\/span>\n\t\t\t\t\t\t<span class=\"elementor-button-text\">D\u00e9couvrir<\/span>\n\t\t<\/span>\n\t\t\t\t\t<\/a>\n\t\t<\/div>\n\t\t\t\t<\/div>\n\t\t\t\t<\/div>\n\t\t\t\t\t<\/div>\n\t\t<\/div>\n\t\t\t\t<div class=\"elementor-column elementor-col-33 elementor-inner-column elementor-element elementor-element-dd49926\" data-id=\"dd49926\" data-element_type=\"column\">\n\t\t\t<div class=\"elementor-widget-wrap elementor-element-populated\">\n\t\t\t\t\t\t<div class=\"elementor-element elementor-element-4ff7501 elementor-widget elementor-widget-image\" data-id=\"4ff7501\" data-element_type=\"widget\" data-settings=\"{&quot;motion_fx_motion_fx_scrolling&quot;:&quot;yes&quot;,&quot;motion_fx_translateY_effect&quot;:&quot;yes&quot;,&quot;motion_fx_translateY_speed&quot;:{&quot;unit&quot;:&quot;px&quot;,&quot;size&quot;:&quot;1&quot;,&quot;sizes&quot;:[]},&quot;motion_fx_translateY_affectedRange&quot;:{&quot;unit&quot;:&quot;%&quot;,&quot;size&quot;:&quot;&quot;,&quot;sizes&quot;:{&quot;start&quot;:0,&quot;end&quot;:100}},&quot;motion_fx_devices&quot;:[&quot;desktop&quot;,&quot;tablet&quot;,&quot;mobile&quot;]}\" data-widget_type=\"image.default\">\n\t\t\t\t<div class=\"elementor-widget-container\">\n\t\t\t\t\t\t\t\t\t\t\t\t\t\t<a href=\"https:\/\/www.laurensjeremy.com\/index.php\/template-2\/\">\n\t\t\t\t\t\t\t<img decoding=\"async\" width=\"380\" height=\"380\" src=\"https:\/\/www.laurensjeremy.com\/wp-content\/uploads\/2023\/09\/2.jpg\" class=\"attachment-full size-full wp-image-920\" alt=\"\" srcset=\"https:\/\/www.laurensjeremy.com\/wp-content\/uploads\/2023\/09\/2.jpg 380w, https:\/\/www.laurensjeremy.com\/wp-content\/uploads\/2023\/09\/2-300x300.jpg 300w, https:\/\/www.laurensjeremy.com\/wp-content\/uploads\/2023\/09\/2-150x150.jpg 150w\" sizes=\"(max-width: 380px) 100vw, 380px\" \/>\t\t\t\t\t\t\t\t<\/a>\n\t\t\t\t\t\t\t\t\t\t\t\t\t<\/div>\n\t\t\t\t<\/div>\n\t\t\t\t<div class=\"elementor-element elementor-element-2a5c8b7 elementor-mobile-align-center elementor-align-center elementor-widget elementor-widget-button\" data-id=\"2a5c8b7\" data-element_type=\"widget\" data-widget_type=\"button.default\">\n\t\t\t\t<div class=\"elementor-widget-container\">\n\t\t\t\t\t<div class=\"elementor-button-wrapper\">\n\t\t\t<a class=\"elementor-button elementor-size-md\" role=\"button\">\n\t\t\t\t\t\t<span class=\"elementor-button-content-wrapper\">\n\t\t\t\t\t\t<span class=\"elementor-button-icon elementor-align-icon-right\">\n\t\t\t\t<i aria-hidden=\"true\" class=\"fas fa-arrow-right\"><\/i>\t\t\t<\/span>\n\t\t\t\t\t\t<span class=\"elementor-button-text\">D\u00e9couvrir<\/span>\n\t\t<\/span>\n\t\t\t\t\t<\/a>\n\t\t<\/div>\n\t\t\t\t<\/div>\n\t\t\t\t<\/div>\n\t\t\t\t\t<\/div>\n\t\t<\/div>\n\t\t\t\t<div class=\"elementor-column elementor-col-33 elementor-inner-column elementor-element elementor-element-703c164\" data-id=\"703c164\" data-element_type=\"column\">\n\t\t\t<div class=\"elementor-widget-wrap elementor-element-populated\">\n\t\t\t\t\t\t<div class=\"elementor-element elementor-element-c8fef56 elementor-widget elementor-widget-image\" data-id=\"c8fef56\" data-element_type=\"widget\" data-settings=\"{&quot;motion_fx_motion_fx_scrolling&quot;:&quot;yes&quot;,&quot;motion_fx_translateY_effect&quot;:&quot;yes&quot;,&quot;motion_fx_translateY_speed&quot;:{&quot;unit&quot;:&quot;px&quot;,&quot;size&quot;:&quot;1&quot;,&quot;sizes&quot;:[]},&quot;motion_fx_translateY_affectedRange&quot;:{&quot;unit&quot;:&quot;%&quot;,&quot;size&quot;:&quot;&quot;,&quot;sizes&quot;:{&quot;start&quot;:0,&quot;end&quot;:100}},&quot;motion_fx_devices&quot;:[&quot;desktop&quot;,&quot;tablet&quot;,&quot;mobile&quot;]}\" data-widget_type=\"image.default\">\n\t\t\t\t<div class=\"elementor-widget-container\">\n\t\t\t\t\t\t\t\t\t\t\t\t\t\t<a href=\"https:\/\/www.laurensjeremy.com\/index.php\/template-3\/\">\n\t\t\t\t\t\t\t<img decoding=\"async\" width=\"380\" height=\"380\" src=\"https:\/\/www.laurensjeremy.com\/wp-content\/uploads\/2023\/09\/3.jpg\" class=\"attachment-full size-full wp-image-921\" alt=\"\" srcset=\"https:\/\/www.laurensjeremy.com\/wp-content\/uploads\/2023\/09\/3.jpg 380w, https:\/\/www.laurensjeremy.com\/wp-content\/uploads\/2023\/09\/3-300x300.jpg 300w, https:\/\/www.laurensjeremy.com\/wp-content\/uploads\/2023\/09\/3-150x150.jpg 150w\" sizes=\"(max-width: 380px) 100vw, 380px\" \/>\t\t\t\t\t\t\t\t<\/a>\n\t\t\t\t\t\t\t\t\t\t\t\t\t<\/div>\n\t\t\t\t<\/div>\n\t\t\t\t<div class=\"elementor-element elementor-element-abfbe8a elementor-mobile-align-center elementor-align-center elementor-widget elementor-widget-button\" data-id=\"abfbe8a\" data-element_type=\"widget\" data-widget_type=\"button.default\">\n\t\t\t\t<div class=\"elementor-widget-container\">\n\t\t\t\t\t<div class=\"elementor-button-wrapper\">\n\t\t\t<a class=\"elementor-button elementor-button-link elementor-size-md\" href=\"https:\/\/www.laurensjeremy.com\/index.php\/template-3\/\">\n\t\t\t\t\t\t<span class=\"elementor-button-content-wrapper\">\n\t\t\t\t\t\t<span class=\"elementor-button-icon elementor-align-icon-right\">\n\t\t\t\t<i aria-hidden=\"true\" class=\"fas fa-arrow-right\"><\/i>\t\t\t<\/span>\n\t\t\t\t\t\t<span class=\"elementor-button-text\">D\u00e9couvrir<\/span>\n\t\t<\/span>\n\t\t\t\t\t<\/a>\n\t\t<\/div>\n\t\t\t\t<\/div>\n\t\t\t\t<\/div>\n\t\t\t\t\t<\/div>\n\t\t<\/div>\n\t\t\t\t\t<\/div>\n\t\t<\/section>\n\t\t\t\t\t<\/div>\n\t\t<\/div>\n\t\t\t\t\t<\/div>\n\t\t<\/section>\n\t\t\t\t<section class=\"elementor-section elementor-top-section elementor-element elementor-element-61050e67 elementor-section-boxed elementor-section-height-default elementor-section-height-default\" data-id=\"61050e67\" data-element_type=\"section\" data-settings=\"{&quot;background_background&quot;:&quot;gradient&quot;,&quot;shape_divider_top&quot;:&quot;waves&quot;}\">\n\t\t\t\t\t\t\t<div class=\"elementor-background-overlay\"><\/div>\n\t\t\t\t\t\t<div class=\"elementor-shape elementor-shape-top\" data-negative=\"false\">\n\t\t\t<svg xmlns=\"http:\/\/www.w3.org\/2000\/svg\" viewBox=\"0 0 1000 100\" preserveAspectRatio=\"none\">\n\t<path class=\"elementor-shape-fill\" d=\"M421.9,6.5c22.6-2.5,51.5,0.4,75.5,5.3c23.6,4.9,70.9,23.5,100.5,35.7c75.8,32.2,133.7,44.5,192.6,49.7\n\tc23.6,2.1,48.7,3.5,103.4-2.5c54.7-6,106.2-25.6,106.2-25.6V0H0v30.3c0,0,72,32.6,158.4,30.5c39.2-0.7,92.8-6.7,134-22.4\n\tc21.2-8.1,52.2-18.2,79.7-24.2C399.3,7.9,411.6,7.5,421.9,6.5z\"\/>\n<\/svg>\t\t<\/div>\n\t\t\t\t\t<div class=\"elementor-container elementor-column-gap-default\">\n\t\t\t\t\t<div class=\"elementor-column elementor-col-50 elementor-top-column elementor-element elementor-element-addda1a\" data-id=\"addda1a\" data-element_type=\"column\">\n\t\t\t<div class=\"elementor-widget-wrap elementor-element-populated\">\n\t\t\t\t\t\t<div class=\"elementor-element elementor-element-6f87c701 elementor-widget elementor-widget-heading\" data-id=\"6f87c701\" data-element_type=\"widget\" data-widget_type=\"heading.default\">\n\t\t\t\t<div class=\"elementor-widget-container\">\n\t\t\t<h4 class=\"elementor-heading-title elementor-size-default\">Vous voulez en savoir plus sur mes services ?\n<\/h4>\t\t<\/div>\n\t\t\t\t<\/div>\n\t\t\t\t<div class=\"elementor-element elementor-element-710fd89e elementor-mobile-align-center elementor-align-left elementor-widget elementor-widget-button\" data-id=\"710fd89e\" data-element_type=\"widget\" data-widget_type=\"button.default\">\n\t\t\t\t<div class=\"elementor-widget-container\">\n\t\t\t\t\t<div class=\"elementor-button-wrapper\">\n\t\t\t<a class=\"elementor-button elementor-button-link elementor-size-md\" href=\"https:\/\/www.laurensjeremy.com\/index.php\/contactdevis\/\">\n\t\t\t\t\t\t<span class=\"elementor-button-content-wrapper\">\n\t\t\t\t\t\t<span class=\"elementor-button-icon elementor-align-icon-right\">\n\t\t\t\t<i aria-hidden=\"true\" class=\"fas fa-arrow-right\"><\/i>\t\t\t<\/span>\n\t\t\t\t\t\t<span class=\"elementor-button-text\">Parlons-en <\/span>\n\t\t<\/span>\n\t\t\t\t\t<\/a>\n\t\t<\/div>\n\t\t\t\t<\/div>\n\t\t\t\t<\/div>\n\t\t\t\t\t<\/div>\n\t\t<\/div>\n\t\t\t\t<div class=\"elementor-column elementor-col-50 elementor-top-column elementor-element elementor-element-3d518aa\" data-id=\"3d518aa\" data-element_type=\"column\">\n\t\t\t<div class=\"elementor-widget-wrap elementor-element-populated\">\n\t\t\t\t\t\t<div class=\"elementor-element elementor-element-4b46e37e elementor-widget elementor-widget-image\" data-id=\"4b46e37e\" data-element_type=\"widget\" data-settings=\"{&quot;motion_fx_motion_fx_scrolling&quot;:&quot;yes&quot;,&quot;motion_fx_translateY_effect&quot;:&quot;yes&quot;,&quot;motion_fx_translateY_direction&quot;:&quot;negative&quot;,&quot;motion_fx_translateY_speed&quot;:{&quot;unit&quot;:&quot;px&quot;,&quot;size&quot;:&quot;1&quot;,&quot;sizes&quot;:[]},&quot;motion_fx_devices&quot;:[&quot;desktop&quot;,&quot;tablet&quot;],&quot;motion_fx_translateY_affectedRange&quot;:{&quot;unit&quot;:&quot;%&quot;,&quot;size&quot;:&quot;&quot;,&quot;sizes&quot;:{&quot;start&quot;:&quot;0&quot;,&quot;end&quot;:&quot;50&quot;}}}\" data-widget_type=\"image.default\">\n\t\t\t\t<div class=\"elementor-widget-container\">\n\t\t\t\t\t\t\t\t\t\t\t\t\t<img loading=\"lazy\" decoding=\"async\" width=\"539\" height=\"539\" src=\"https:\/\/www.laurensjeremy.com\/wp-content\/uploads\/2022\/03\/services-contact-laurens-jeremy-cre\u0301ation-de-site-web.jpg\" class=\"attachment-full size-full wp-image-404\" alt=\"contact laurens jeremy cre\u0301ation de site web\" srcset=\"https:\/\/www.laurensjeremy.com\/wp-content\/uploads\/2022\/03\/services-contact-laurens-jeremy-cre\u0301ation-de-site-web.jpg 539w, https:\/\/www.laurensjeremy.com\/wp-content\/uploads\/2022\/03\/services-contact-laurens-jeremy-cre\u0301ation-de-site-web-300x300.jpg 300w, https:\/\/www.laurensjeremy.com\/wp-content\/uploads\/2022\/03\/services-contact-laurens-jeremy-cre\u0301ation-de-site-web-150x150.jpg 150w\" sizes=\"(max-width: 539px) 100vw, 539px\" \/>\t\t\t\t\t\t\t\t\t\t\t\t\t<\/div>\n\t\t\t\t<\/div>\n\t\t\t\t\t<\/div>\n\t\t<\/div>\n\t\t\t\t\t<\/div>\n\t\t<\/section>\n\t\t\t\t<\/div>\n\t\t","protected":false},"excerpt":{"rendered":"<p>Template D\u00e9couvrir D\u00e9couvrir D\u00e9couvrir Vous voulez en savoir plus sur mes services ? Parlons-en<\/p>\n","protected":false},"author":1,"featured_media":0,"parent":0,"menu_order":0,"comment_status":"closed","ping_status":"closed","template":"elementor_header_footer","meta":{"footnotes":""},"class_list":["post-913","page","type-page","status-publish","hentry"],"yoast_head":"<!-- This site is optimized with the Yoast SEO plugin v25.8 - https:\/\/yoast.com\/wordpress\/plugins\/seo\/ -->\n<title>Template - Laurens J\u00e9r\u00e9my - Agence Digital Nomade<\/title>\n<meta name=\"robots\" content=\"index, follow, max-snippet:-1, max-image-preview:large, max-video-preview:-1\" \/>\n<link rel=\"canonical\" href=\"https:\/\/www.laurensjeremy.com\/index.php\/template\/\" \/>\n<meta property=\"og:locale\" content=\"fr_FR\" \/>\n<meta property=\"og:type\" content=\"article\" \/>\n<meta property=\"og:title\" content=\"Template - Laurens J\u00e9r\u00e9my - Agence Digital Nomade\" \/>\n<meta property=\"og:description\" content=\"Template D\u00e9couvrir D\u00e9couvrir D\u00e9couvrir Vous voulez en savoir plus sur mes services ? Parlons-en\" \/>\n<meta property=\"og:url\" content=\"https:\/\/www.laurensjeremy.com\/index.php\/template\/\" \/>\n<meta property=\"og:site_name\" content=\"Laurens J\u00e9r\u00e9my - Agence Digital Nomade\" \/>\n<meta property=\"article:modified_time\" content=\"2024-04-13T08:54:44+00:00\" \/>\n<meta property=\"og:image\" content=\"https:\/\/www.laurensjeremy.com\/wp-content\/uploads\/2023\/09\/1.jpg\" \/>\n<meta name=\"twitter:card\" content=\"summary_large_image\" \/>\n<meta name=\"twitter:label1\" content=\"Dur\u00e9e de lecture estim\u00e9e\" \/>\n\t<meta name=\"twitter:data1\" content=\"1 minute\" \/>\n<script type=\"application\/ld+json\" class=\"yoast-schema-graph\">{\"@context\":\"https:\/\/schema.org\",\"@graph\":[{\"@type\":\"WebPage\",\"@id\":\"https:\/\/www.laurensjeremy.com\/index.php\/template\/\",\"url\":\"https:\/\/www.laurensjeremy.com\/index.php\/template\/\",\"name\":\"Template - Laurens J\u00e9r\u00e9my - Agence Digital Nomade\",\"isPartOf\":{\"@id\":\"https:\/\/www.laurensjeremy.com\/#website\"},\"primaryImageOfPage\":{\"@id\":\"https:\/\/www.laurensjeremy.com\/index.php\/template\/#primaryimage\"},\"image\":{\"@id\":\"https:\/\/www.laurensjeremy.com\/index.php\/template\/#primaryimage\"},\"thumbnailUrl\":\"https:\/\/www.laurensjeremy.com\/wp-content\/uploads\/2023\/09\/1.jpg\",\"datePublished\":\"2023-09-20T07:41:13+00:00\",\"dateModified\":\"2024-04-13T08:54:44+00:00\",\"breadcrumb\":{\"@id\":\"https:\/\/www.laurensjeremy.com\/index.php\/template\/#breadcrumb\"},\"inLanguage\":\"fr-FR\",\"potentialAction\":[{\"@type\":\"ReadAction\",\"target\":[\"https:\/\/www.laurensjeremy.com\/index.php\/template\/\"]}]},{\"@type\":\"ImageObject\",\"inLanguage\":\"fr-FR\",\"@id\":\"https:\/\/www.laurensjeremy.com\/index.php\/template\/#primaryimage\",\"url\":\"https:\/\/www.laurensjeremy.com\/wp-content\/uploads\/2023\/09\/1.jpg\",\"contentUrl\":\"https:\/\/www.laurensjeremy.com\/wp-content\/uploads\/2023\/09\/1.jpg\",\"width\":380,\"height\":380},{\"@type\":\"BreadcrumbList\",\"@id\":\"https:\/\/www.laurensjeremy.com\/index.php\/template\/#breadcrumb\",\"itemListElement\":[{\"@type\":\"ListItem\",\"position\":1,\"name\":\"Accueil\",\"item\":\"https:\/\/www.laurensjeremy.com\/\"},{\"@type\":\"ListItem\",\"position\":2,\"name\":\"Template\"}]},{\"@type\":\"WebSite\",\"@id\":\"https:\/\/www.laurensjeremy.com\/#website\",\"url\":\"https:\/\/www.laurensjeremy.com\/\",\"name\":\"Laurens J\u00e9r\u00e9my - Agence Digital Nomade\",\"description\":\"Connect Your Business\",\"publisher\":{\"@id\":\"https:\/\/www.laurensjeremy.com\/#organization\"},\"potentialAction\":[{\"@type\":\"SearchAction\",\"target\":{\"@type\":\"EntryPoint\",\"urlTemplate\":\"https:\/\/www.laurensjeremy.com\/?s={search_term_string}\"},\"query-input\":{\"@type\":\"PropertyValueSpecification\",\"valueRequired\":true,\"valueName\":\"search_term_string\"}}],\"inLanguage\":\"fr-FR\"},{\"@type\":\"Organization\",\"@id\":\"https:\/\/www.laurensjeremy.com\/#organization\",\"name\":\"Laurens J\u00e9r\u00e9my - Agence Digital Nomade\",\"url\":\"https:\/\/www.laurensjeremy.com\/\",\"logo\":{\"@type\":\"ImageObject\",\"inLanguage\":\"fr-FR\",\"@id\":\"https:\/\/www.laurensjeremy.com\/#\/schema\/logo\/image\/\",\"url\":\"https:\/\/www.laurensjeremy.com\/wp-content\/uploads\/2022\/03\/logo-1.png\",\"contentUrl\":\"https:\/\/www.laurensjeremy.com\/wp-content\/uploads\/2022\/03\/logo-1.png\",\"width\":500,\"height\":264,\"caption\":\"Laurens J\u00e9r\u00e9my - Agence Digital Nomade\"},\"image\":{\"@id\":\"https:\/\/www.laurensjeremy.com\/#\/schema\/logo\/image\/\"}}]}<\/script>\n<!-- \/ Yoast SEO plugin. -->","yoast_head_json":{"title":"Template - Laurens J\u00e9r\u00e9my - Agence Digital Nomade","robots":{"index":"index","follow":"follow","max-snippet":"max-snippet:-1","max-image-preview":"max-image-preview:large","max-video-preview":"max-video-preview:-1"},"canonical":"https:\/\/www.laurensjeremy.com\/index.php\/template\/","og_locale":"fr_FR","og_type":"article","og_title":"Template - Laurens J\u00e9r\u00e9my - Agence Digital Nomade","og_description":"Template D\u00e9couvrir D\u00e9couvrir D\u00e9couvrir Vous voulez en savoir plus sur mes services ? Parlons-en","og_url":"https:\/\/www.laurensjeremy.com\/index.php\/template\/","og_site_name":"Laurens J\u00e9r\u00e9my - Agence Digital Nomade","article_modified_time":"2024-04-13T08:54:44+00:00","og_image":[{"url":"https:\/\/www.laurensjeremy.com\/wp-content\/uploads\/2023\/09\/1.jpg","type":"","width":"","height":""}],"twitter_card":"summary_large_image","twitter_misc":{"Dur\u00e9e de lecture estim\u00e9e":"1 minute"},"schema":{"@context":"https:\/\/schema.org","@graph":[{"@type":"WebPage","@id":"https:\/\/www.laurensjeremy.com\/index.php\/template\/","url":"https:\/\/www.laurensjeremy.com\/index.php\/template\/","name":"Template - Laurens J\u00e9r\u00e9my - Agence Digital Nomade","isPartOf":{"@id":"https:\/\/www.laurensjeremy.com\/#website"},"primaryImageOfPage":{"@id":"https:\/\/www.laurensjeremy.com\/index.php\/template\/#primaryimage"},"image":{"@id":"https:\/\/www.laurensjeremy.com\/index.php\/template\/#primaryimage"},"thumbnailUrl":"https:\/\/www.laurensjeremy.com\/wp-content\/uploads\/2023\/09\/1.jpg","datePublished":"2023-09-20T07:41:13+00:00","dateModified":"2024-04-13T08:54:44+00:00","breadcrumb":{"@id":"https:\/\/www.laurensjeremy.com\/index.php\/template\/#breadcrumb"},"inLanguage":"fr-FR","potentialAction":[{"@type":"ReadAction","target":["https:\/\/www.laurensjeremy.com\/index.php\/template\/"]}]},{"@type":"ImageObject","inLanguage":"fr-FR","@id":"https:\/\/www.laurensjeremy.com\/index.php\/template\/#primaryimage","url":"https:\/\/www.laurensjeremy.com\/wp-content\/uploads\/2023\/09\/1.jpg","contentUrl":"https:\/\/www.laurensjeremy.com\/wp-content\/uploads\/2023\/09\/1.jpg","width":380,"height":380},{"@type":"BreadcrumbList","@id":"https:\/\/www.laurensjeremy.com\/index.php\/template\/#breadcrumb","itemListElement":[{"@type":"ListItem","position":1,"name":"Accueil","item":"https:\/\/www.laurensjeremy.com\/"},{"@type":"ListItem","position":2,"name":"Template"}]},{"@type":"WebSite","@id":"https:\/\/www.laurensjeremy.com\/#website","url":"https:\/\/www.laurensjeremy.com\/","name":"Laurens J\u00e9r\u00e9my - Agence Digital Nomade","description":"Connect Your Business","publisher":{"@id":"https:\/\/www.laurensjeremy.com\/#organization"},"potentialAction":[{"@type":"SearchAction","target":{"@type":"EntryPoint","urlTemplate":"https:\/\/www.laurensjeremy.com\/?s={search_term_string}"},"query-input":{"@type":"PropertyValueSpecification","valueRequired":true,"valueName":"search_term_string"}}],"inLanguage":"fr-FR"},{"@type":"Organization","@id":"https:\/\/www.laurensjeremy.com\/#organization","name":"Laurens J\u00e9r\u00e9my - Agence Digital Nomade","url":"https:\/\/www.laurensjeremy.com\/","logo":{"@type":"ImageObject","inLanguage":"fr-FR","@id":"https:\/\/www.laurensjeremy.com\/#\/schema\/logo\/image\/","url":"https:\/\/www.laurensjeremy.com\/wp-content\/uploads\/2022\/03\/logo-1.png","contentUrl":"https:\/\/www.laurensjeremy.com\/wp-content\/uploads\/2022\/03\/logo-1.png","width":500,"height":264,"caption":"Laurens J\u00e9r\u00e9my - Agence Digital Nomade"},"image":{"@id":"https:\/\/www.laurensjeremy.com\/#\/schema\/logo\/image\/"}}]}},"_links":{"self":[{"href":"https:\/\/www.laurensjeremy.com\/index.php\/wp-json\/wp\/v2\/pages\/913","targetHints":{"allow":["GET"]}}],"collection":[{"href":"https:\/\/www.laurensjeremy.com\/index.php\/wp-json\/wp\/v2\/pages"}],"about":[{"href":"https:\/\/www.laurensjeremy.com\/index.php\/wp-json\/wp\/v2\/types\/page"}],"author":[{"embeddable":true,"href":"https:\/\/www.laurensjeremy.com\/index.php\/wp-json\/wp\/v2\/users\/1"}],"replies":[{"embeddable":true,"href":"https:\/\/www.laurensjeremy.com\/index.php\/wp-json\/wp\/v2\/comments?post=913"}],"version-history":[{"count":13,"href":"https:\/\/www.laurensjeremy.com\/index.php\/wp-json\/wp\/v2\/pages\/913\/revisions"}],"predecessor-version":[{"id":1046,"href":"https:\/\/www.laurensjeremy.com\/index.php\/wp-json\/wp\/v2\/pages\/913\/revisions\/1046"}],"wp:attachment":[{"href":"https:\/\/www.laurensjeremy.com\/index.php\/wp-json\/wp\/v2\/media?parent=913"}],"curies":[{"name":"wp","href":"https:\/\/api.w.org\/{rel}","templated":true}]}}